{"id":42,"date":"2021-06-05T11:37:05","date_gmt":"2021-06-05T09:37:05","guid":{"rendered":"https:\/\/immoswiss.provisoire.ch\/?page_id=42"},"modified":"2024-11-02T15:04:05","modified_gmt":"2024-11-02T14:04:05","slug":"ventes","status":"publish","type":"page","link":"https:\/\/immoswissalps.ch\/en\/ventes\/","title":{"rendered":"Sales"},"content":{"rendered":"<p>[et_pb_section fb_built=\u00a0\u00bb1&Prime; admin_label=\u00a0\u00bbHero Section\u00a0\u00bb _builder_version=\u00a0\u00bb4.16&Prime; custom_padding=\u00a0\u00bb0|0px|0px|0px\u00a0\u00bb global_colors_info=\u00a0\u00bb{}\u00a0\u00bb][et_pb_row column_structure=\u00a0\u00bb1_2,1_2&Prime; make_equal=\u00a0\u00bbon\u00a0\u00bb _builder_version=\u00a0\u00bb4.16&Prime; width=\u00a0\u00bb100%\u00a0\u00bb max_width=\u00a0\u00bb100%\u00a0\u00bb custom_padding=\u00a0\u00bb0px|0|0px|\u00a0\u00bb use_custom_width=\u00a0\u00bbon\u00a0\u00bb width_unit=\u00a0\u00bboff\u00a0\u00bb custom_width_percent=\u00a0\u00bb100%\u00a0\u00bb global_colors_info=\u00a0\u00bb{}\u00a0\u00bb][et_pb_column type=\u00a0\u00bb1_2&Prime; _builder_version=\u00a0\u00bb4.16&Prime; custom_padding=\u00a0\u00bb150px|8%|150px|8%|true|false\u00a0\u00bb custom_padding_tablet=\u00a0\u00bb80px|10%|80px|10%\u00a0\u00bb custom_padding_phone=\u00a0\u00bb\u00a0\u00bb custom_padding_last_edited=\u00a0\u00bbon|tablet\u00a0\u00bb global_colors_info=\u00a0\u00bb{}\u00a0\u00bb padding_tablet=\u00a0\u00bb80px|10%|80px|10%\u00a0\u00bb padding_last_edited=\u00a0\u00bbon|tablet\u00a0\u00bb custom_padding__hover=\u00a0\u00bb|||\u00a0\u00bb padding_phone=\u00a0\u00bb80px|10%|80px|10%\u00a0\u00bb][et_pb_text _builder_version=\u00a0\u00bb4.16&Prime; text_font=\u00a0\u00bb||||||||\u00a0\u00bb header_font=\u00a0\u00bb||||||||\u00a0\u00bb header_3_font=\u00a0\u00bb|700||on|||||\u00a0\u00bb header_3_text_color=\u00a0\u00bb#785135&Prime; header_3_font_size=\u00a0\u00bb16px\u00a0\u00bb header_3_letter_spacing=\u00a0\u00bb1px\u00a0\u00bb background_layout=\u00a0\u00bbdark\u00a0\u00bb max_width=\u00a0\u00bb600px\u00a0\u00bb module_alignment=\u00a0\u00bbleft\u00a0\u00bb custom_margin=\u00a0\u00bb||20px|\u00a0\u00bb locked=\u00a0\u00bboff\u00a0\u00bb global_colors_info=\u00a0\u00bb{}\u00a0\u00bb]<\/p>\n<h3>nos objets<\/h3>\n<p>[\/et_pb_text][et_pb_text _builder_version=\u00a0\u00bb4.27.0&Prime; text_font=\u00a0\u00bb||||||||\u00a0\u00bb text_font_size=\u00a0\u00bb18px\u00a0\u00bb text_line_height=\u00a0\u00bb1.8em\u00a0\u00bb header_font=\u00a0\u00bb||||||||\u00a0\u00bb header_font_size=\u00a0\u00bb56px\u00a0\u00bb header_line_height=\u00a0\u00bb1.4em\u00a0\u00bb header_2_font=\u00a0\u00bb||||||||\u00a0\u00bb header_3_font=\u00a0\u00bb||||||||\u00a0\u00bb max_width=\u00a0\u00bb600px\u00a0\u00bb header_font_size_tablet=\u00a0\u00bb40px\u00a0\u00bb header_font_size_phone=\u00a0\u00bb\u00a0\u00bb header_font_size_last_edited=\u00a0\u00bbon|tablet\u00a0\u00bb locked=\u00a0\u00bboff\u00a0\u00bb global_colors_info=\u00a0\u00bb{}\u00a0\u00bb]<\/p>\n<h1>A la vente<\/h1>\n<p>&nbsp;<\/p>\n<p>Nos Services<\/p>\n<p>Vente de biens immobiliers<\/p>\n<p>Villas : D\u00e9couvrez notre s\u00e9lection exclusive de villas de luxe, avec des vues imprenables et des \u00e9quipements haut de gamme.<\/p>\n<p>Appartements : Que vous cherchiez un pied-\u00e0-terre en ville ou un appartement spacieux pour toute la famille, nous avons ce qu&rsquo;il vous faut.<\/p>\n<p>Chalets : Profitez de l&rsquo;authenticit\u00e9 et du confort de nos chalets situ\u00e9s dans les plus belles stations de ski.<\/p>\n<p>Immobilier de vacances<\/p>\n<p>R\u00e9sidences secondaires : Trouvez votre havre de paix pour des vacances inoubliables en Valais.<\/p>\n<p>R\u00e9sidences principales : Nous vous aidons \u00e0 trouver la maison de vos r\u00eaves pour y vivre \u00e0 l&rsquo;ann\u00e9e.<\/p>\n<p>[\/et_pb_text][et_pb_button button_url=\u00a0\u00bb@ET-DC@eyJkeW5hbWljIjp0cnVlLCJjb250ZW50IjoicG9zdF9saW5rX3VybF9wYWdlIiwic2V0dGluZ3MiOnsicG9zdF9pZCI6IjQ1In19@\u00a0\u00bb button_text=\u00a0\u00bbUne recherche sp\u00e9cifique ? contactez-nous\u00a0\u00bb _builder_version=\u00a0\u00bb4.25.2&Prime; _dynamic_attributes=\u00a0\u00bbbutton_url\u00a0\u00bb custom_button=\u00a0\u00bbon\u00a0\u00bb button_text_size=\u00a0\u00bb13px\u00a0\u00bb button_text_color=\u00a0\u00bb#ffffff\u00a0\u00bb button_bg_color=\u00a0\u00bb#785135&Prime; button_border_width=\u00a0\u00bb2px\u00a0\u00bb button_border_color=\u00a0\u00bb#785135&Prime; button_border_radius=\u00a0\u00bb0px\u00a0\u00bb button_letter_spacing=\u00a0\u00bb2px\u00a0\u00bb button_font=\u00a0\u00bb|700||on|||||\u00a0\u00bb button_use_icon=\u00a0\u00bboff\u00a0\u00bb background_layout=\u00a0\u00bbdark\u00a0\u00bb custom_padding=\u00a0\u00bb10px||10px|\u00a0\u00bb button_letter_spacing_hover=\u00a0\u00bb2px\u00a0\u00bb locked=\u00a0\u00bboff\u00a0\u00bb global_colors_info=\u00a0\u00bb{}\u00a0\u00bb button_text_size__hover_enabled=\u00a0\u00bboff\u00a0\u00bb button_one_text_size__hover_enabled=\u00a0\u00bboff\u00a0\u00bb button_two_text_size__hover_enabled=\u00a0\u00bboff\u00a0\u00bb button_text_color__hover_enabled=\u00a0\u00bboff\u00a0\u00bb button_one_text_color__hover_enabled=\u00a0\u00bboff\u00a0\u00bb button_two_text_color__hover_enabled=\u00a0\u00bboff\u00a0\u00bb button_border_width__hover_enabled=\u00a0\u00bboff\u00a0\u00bb button_one_border_width__hover_enabled=\u00a0\u00bboff\u00a0\u00bb button_two_border_width__hover_enabled=\u00a0\u00bboff\u00a0\u00bb button_border_color__hover_enabled=\u00a0\u00bboff\u00a0\u00bb button_one_border_color__hover_enabled=\u00a0\u00bboff\u00a0\u00bb button_two_border_color__hover_enabled=\u00a0\u00bboff\u00a0\u00bb button_border_radius__hover_enabled=\u00a0\u00bboff\u00a0\u00bb button_one_border_radius__hover_enabled=\u00a0\u00bboff\u00a0\u00bb button_two_border_radius__hover_enabled=\u00a0\u00bboff\u00a0\u00bb button_letter_spacing__hover_enabled=\u00a0\u00bbon\u00a0\u00bb button_letter_spacing__hover=\u00a0\u00bb2px\u00a0\u00bb button_one_letter_spacing__hover_enabled=\u00a0\u00bboff\u00a0\u00bb button_two_letter_spacing__hover_enabled=\u00a0\u00bboff\u00a0\u00bb button_bg_color__hover_enabled=\u00a0\u00bboff\u00a0\u00bb button_one_bg_color__hover_enabled=\u00a0\u00bboff\u00a0\u00bb button_two_bg_color__hover_enabled=\u00a0\u00bboff\u00a0\u00bb][\/et_pb_button][\/et_pb_column][et_pb_column type=\u00a0\u00bb1_2&Prime; _builder_version=\u00a0\u00bb4.16&Prime; background_color=\u00a0\u00bb#000000&Prime; use_background_color_gradient=\u00a0\u00bbon\u00a0\u00bb background_color_gradient_stops=\u00a0\u00bbrgba(18,18,18,0.5) 0%|#121212 100%\u00a0\u00bb background_color_gradient_overlays_image=\u00a0\u00bbon\u00a0\u00bb background_color_gradient_start=\u00a0\u00bbrgba(18,18,18,0.5)\u00a0\u00bb background_color_gradient_end=\u00a0\u00bb#121212&Prime; background_image=\u00a0\u00bbhttps:\/\/immoswissalps.ch\/wp-content\/uploads\/2021\/06\/apartment-3564955_1920.jpg\u00a0\u00bb custom_padding=\u00a0\u00bb200px||260px|8%\u00a0\u00bb custom_padding_tablet=\u00a0\u00bb80px|10%|80px|10%\u00a0\u00bb custom_padding_phone=\u00a0\u00bb\u00a0\u00bb custom_padding_last_edited=\u00a0\u00bbon|desktop\u00a0\u00bb global_colors_info=\u00a0\u00bb{}\u00a0\u00bb padding_tablet=\u00a0\u00bb80px|10%|80px|10%\u00a0\u00bb padding_last_edited=\u00a0\u00bbon|desktop\u00a0\u00bb custom_padding__hover=\u00a0\u00bb|||\u00a0\u00bb padding_phone=\u00a0\u00bb80px|10%|80px|10%\u00a0\u00bb][et_pb_divider show_divider=\u00a0\u00bboff\u00a0\u00bb _builder_version=\u00a0\u00bb4.16&Prime; height=\u00a0\u00bb100px\u00a0\u00bb global_colors_info=\u00a0\u00bb{}\u00a0\u00bb][\/et_pb_divider][\/et_pb_column][\/et_pb_row][et_pb_row column_structure=\u00a0\u00bb1_2,1_2&Prime; make_equal=\u00a0\u00bbon\u00a0\u00bb _builder_version=\u00a0\u00bb4.27.0&Prime; width=\u00a0\u00bb100%\u00a0\u00bb max_width=\u00a0\u00bb100%\u00a0\u00bb custom_padding=\u00a0\u00bb0px|0|0px|\u00a0\u00bb use_custom_width=\u00a0\u00bbon\u00a0\u00bb width_unit=\u00a0\u00bboff\u00a0\u00bb custom_width_percent=\u00a0\u00bb100%\u00a0\u00bb global_colors_info=\u00a0\u00bb{}\u00a0\u00bb][et_pb_column type=\u00a0\u00bb1_2&Prime; _builder_version=\u00a0\u00bb4.16&Prime; custom_padding=\u00a0\u00bb150px|8%|150px|8%|true|false\u00a0\u00bb custom_padding_tablet=\u00a0\u00bb80px|10%|80px|10%\u00a0\u00bb custom_padding_phone=\u00a0\u00bb\u00a0\u00bb custom_padding_last_edited=\u00a0\u00bbon|tablet\u00a0\u00bb global_colors_info=\u00a0\u00bb{}\u00a0\u00bb padding_tablet=\u00a0\u00bb80px|10%|80px|10%\u00a0\u00bb padding_last_edited=\u00a0\u00bbon|tablet\u00a0\u00bb custom_padding__hover=\u00a0\u00bb|||\u00a0\u00bb padding_phone=\u00a0\u00bb80px|10%|80px|10%\u00a0\u00bb][et_pb_text _builder_version=\u00a0\u00bb4.16&Prime; text_font=\u00a0\u00bb||||||||\u00a0\u00bb header_font=\u00a0\u00bb||||||||\u00a0\u00bb header_3_font=\u00a0\u00bb|700||on|||||\u00a0\u00bb header_3_text_color=\u00a0\u00bb#785135&Prime; header_3_font_size=\u00a0\u00bb16px\u00a0\u00bb header_3_letter_spacing=\u00a0\u00bb1px\u00a0\u00bb background_layout=\u00a0\u00bbdark\u00a0\u00bb max_width=\u00a0\u00bb600px\u00a0\u00bb module_alignment=\u00a0\u00bbleft\u00a0\u00bb custom_margin=\u00a0\u00bb||20px|\u00a0\u00bb locked=\u00a0\u00bboff\u00a0\u00bb global_colors_info=\u00a0\u00bb{}\u00a0\u00bb]<\/p>\n<h3>nos objets<\/h3>\n<p>[\/et_pb_text][et_pb_text _builder_version=\u00a0\u00bb4.27.0&Prime; text_font=\u00a0\u00bb||||||||\u00a0\u00bb text_font_size=\u00a0\u00bb18px\u00a0\u00bb text_line_height=\u00a0\u00bb1.8em\u00a0\u00bb header_font=\u00a0\u00bb||||||||\u00a0\u00bb header_font_size=\u00a0\u00bb56px\u00a0\u00bb header_line_height=\u00a0\u00bb1.4em\u00a0\u00bb header_2_font=\u00a0\u00bb||||||||\u00a0\u00bb header_3_font=\u00a0\u00bb||||||||\u00a0\u00bb max_width=\u00a0\u00bb600px\u00a0\u00bb header_font_size_tablet=\u00a0\u00bb40px\u00a0\u00bb header_font_size_phone=\u00a0\u00bb\u00a0\u00bb header_font_size_last_edited=\u00a0\u00bbon|tablet\u00a0\u00bb locked=\u00a0\u00bboff\u00a0\u00bb global_colors_info=\u00a0\u00bb{}\u00a0\u00bb]<\/p>\n<h1>A la Location<\/h1>\n<p>&nbsp;<\/p>\n<p>Nos Services<\/p>\n<p>Location de biens immobiliers, appartements, villas, chalets&#8230;<\/p>\n<p>Location \u00e0 l&rsquo;Ann\u00e9e<\/p>\n<p>Nous proposons une vaste s\u00e9lection de propri\u00e9t\u00e9s pour une location \u00e0 l&rsquo;ann\u00e9e, adapt\u00e9es \u00e0 toutes les pr\u00e9f\u00e9rences et budgets.<br \/>Que vous cherchiez un appartement moderne en centre-ville ou un chalet rustique en montagne, nous avons ce qu&rsquo;il vous faut.<\/p>\n<p>&nbsp;<\/p>\n<p>Location de Vacances<\/p>\n<p>Profitez de vos vacances dans l&rsquo;une de nos magnifiques propri\u00e9t\u00e9s situ\u00e9es dans les plus belles stations du Valais.<br \/>Que vous souhaitiez une escapade hivernale pour profiter des sports de neige ou une retraite estivale pour explorer la nature, nous avons le logement parfait pour vous.<\/p>\n<p>[\/et_pb_text][et_pb_button button_url=\u00a0\u00bb@ET-DC@eyJkeW5hbWljIjp0cnVlLCJjb250ZW50IjoicG9zdF9saW5rX3VybF9wYWdlIiwic2V0dGluZ3MiOnsicG9zdF9pZCI6IjQ1In19@\u00a0\u00bb button_text=\u00a0\u00bbUne recherche sp\u00e9cifique ? contactez-nous\u00a0\u00bb _builder_version=\u00a0\u00bb4.25.2&Prime; _dynamic_attributes=\u00a0\u00bbbutton_url\u00a0\u00bb custom_button=\u00a0\u00bbon\u00a0\u00bb button_text_size=\u00a0\u00bb13px\u00a0\u00bb button_text_color=\u00a0\u00bb#ffffff\u00a0\u00bb button_bg_color=\u00a0\u00bb#785135&Prime; button_border_width=\u00a0\u00bb2px\u00a0\u00bb button_border_color=\u00a0\u00bb#785135&Prime; button_border_radius=\u00a0\u00bb0px\u00a0\u00bb button_letter_spacing=\u00a0\u00bb2px\u00a0\u00bb button_font=\u00a0\u00bb|700||on|||||\u00a0\u00bb button_use_icon=\u00a0\u00bboff\u00a0\u00bb background_layout=\u00a0\u00bbdark\u00a0\u00bb custom_padding=\u00a0\u00bb10px||10px|\u00a0\u00bb button_letter_spacing_hover=\u00a0\u00bb2px\u00a0\u00bb locked=\u00a0\u00bboff\u00a0\u00bb global_colors_info=\u00a0\u00bb{}\u00a0\u00bb button_text_size__hover_enabled=\u00a0\u00bboff\u00a0\u00bb button_one_text_size__hover_enabled=\u00a0\u00bboff\u00a0\u00bb button_two_text_size__hover_enabled=\u00a0\u00bboff\u00a0\u00bb button_text_color__hover_enabled=\u00a0\u00bboff\u00a0\u00bb button_one_text_color__hover_enabled=\u00a0\u00bboff\u00a0\u00bb button_two_text_color__hover_enabled=\u00a0\u00bboff\u00a0\u00bb button_border_width__hover_enabled=\u00a0\u00bboff\u00a0\u00bb button_one_border_width__hover_enabled=\u00a0\u00bboff\u00a0\u00bb button_two_border_width__hover_enabled=\u00a0\u00bboff\u00a0\u00bb button_border_color__hover_enabled=\u00a0\u00bboff\u00a0\u00bb button_one_border_color__hover_enabled=\u00a0\u00bboff\u00a0\u00bb button_two_border_color__hover_enabled=\u00a0\u00bboff\u00a0\u00bb button_border_radius__hover_enabled=\u00a0\u00bboff\u00a0\u00bb button_one_border_radius__hover_enabled=\u00a0\u00bboff\u00a0\u00bb button_two_border_radius__hover_enabled=\u00a0\u00bboff\u00a0\u00bb button_letter_spacing__hover_enabled=\u00a0\u00bbon\u00a0\u00bb button_letter_spacing__hover=\u00a0\u00bb2px\u00a0\u00bb button_one_letter_spacing__hover_enabled=\u00a0\u00bboff\u00a0\u00bb button_two_letter_spacing__hover_enabled=\u00a0\u00bboff\u00a0\u00bb button_bg_color__hover_enabled=\u00a0\u00bboff\u00a0\u00bb button_one_bg_color__hover_enabled=\u00a0\u00bboff\u00a0\u00bb button_two_bg_color__hover_enabled=\u00a0\u00bboff\u00a0\u00bb][\/et_pb_button][\/et_pb_column][et_pb_column type=\u00a0\u00bb1_2&Prime; _builder_version=\u00a0\u00bb4.27.0&Prime; background_color=\u00a0\u00bb#000000&Prime; use_background_color_gradient=\u00a0\u00bbon\u00a0\u00bb background_color_gradient_stops=\u00a0\u00bbrgba(18,18,18,0.5) 0%|#121212 100%\u00a0\u00bb background_color_gradient_overlays_image=\u00a0\u00bbon\u00a0\u00bb background_color_gradient_start=\u00a0\u00bbrgba(18,18,18,0.5)\u00a0\u00bb background_color_gradient_end=\u00a0\u00bb#121212&Prime; background_image=\u00a0\u00bbhttps:\/\/immoswissalps.ch\/wp-content\/uploads\/2021\/06\/n_mxybuv5hu.jpg\u00a0\u00bb custom_padding=\u00a0\u00bb200px||260px|8%\u00a0\u00bb custom_padding_tablet=\u00a0\u00bb80px|10%|80px|10%\u00a0\u00bb custom_padding_phone=\u00a0\u00bb\u00a0\u00bb custom_padding_last_edited=\u00a0\u00bbon|desktop\u00a0\u00bb global_colors_info=\u00a0\u00bb{}\u00a0\u00bb padding_tablet=\u00a0\u00bb80px|10%|80px|10%\u00a0\u00bb padding_last_edited=\u00a0\u00bbon|desktop\u00a0\u00bb custom_padding__hover=\u00a0\u00bb|||\u00a0\u00bb padding_phone=\u00a0\u00bb80px|10%|80px|10%\u00a0\u00bb][et_pb_divider show_divider=\u00a0\u00bboff\u00a0\u00bb _builder_version=\u00a0\u00bb4.16&Prime; height=\u00a0\u00bb100px\u00a0\u00bb global_colors_info=\u00a0\u00bb{}\u00a0\u00bb][\/et_pb_divider][\/et_pb_column][\/et_pb_row][\/et_pb_section][et_pb_section fb_built=\u00a0\u00bb1&Prime; admin_label=\u00a0\u00bbprojects\u00a0\u00bb _builder_version=\u00a0\u00bb4.16&Prime; background_color=\u00a0\u00bb#121212&Prime; custom_padding=\u00a0\u00bb100px|0px|100px|0px\u00a0\u00bb global_colors_info=\u00a0\u00bb{}\u00a0\u00bb][et_pb_row _builder_version=\u00a0\u00bb4.27.2&Prime; use_background_color_gradient=\u00a0\u00bbon\u00a0\u00bb background_color_gradient_stops=\u00a0\u00bbrgba(18,18,18,0.6) 0%|rgba(18,18,18,0.9) 100%\u00a0\u00bb background_color_gradient_overlays_image=\u00a0\u00bbon\u00a0\u00bb background_color_gradient_start=\u00a0\u00bbrgba(18,18,18,0.6)\u00a0\u00bb background_color_gradient_end=\u00a0\u00bbrgba(18,18,18,0.9)\u00a0\u00bb background_image=\u00a0\u00bbhttps:\/\/immoswissalps.ch\/wp-content\/uploads\/2021\/06\/architect-firm-01.jpg\u00a0\u00bb custom_margin=\u00a0\u00bb||75px|\u00a0\u00bb custom_padding=\u00a0\u00bb50px|50px|50px|50px||true\u00a0\u00bb animation_style=\u00a0\u00bbslide\u00a0\u00bb animation_direction=\u00a0\u00bbbottom\u00a0\u00bb animation_intensity_slide=\u00a0\u00bb4%\u00a0\u00bb hover_enabled=\u00a0\u00bb0&Prime; global_colors_info=\u00a0\u00bb{}\u00a0\u00bb disabled_on=\u00a0\u00bbon|on|on\u00a0\u00bb disabled=\u00a0\u00bbon\u00a0\u00bb sticky_enabled=\u00a0\u00bb0&Prime;][et_pb_column type=\u00a0\u00bb4_4&Prime; _builder_version=\u00a0\u00bb4.16&Prime; custom_padding=\u00a0\u00bb|||\u00a0\u00bb global_colors_info=\u00a0\u00bb{}\u00a0\u00bb custom_padding__hover=\u00a0\u00bb|||\u00a0\u00bb][et_pb_code _builder_version=\u00a0\u00bb4.25.2&Prime; _module_preset=\u00a0\u00bbdefault\u00a0\u00bb global_colors_info=\u00a0\u00bb{}\u00a0\u00bb]ici viendra le code ImmoScoot[\/et_pb_code][\/et_pb_column][\/et_pb_row][\/et_pb_section]<\/p>\n","protected":false},"excerpt":{"rendered":"<p>nos objetsA la vente &nbsp; Nos Services Vente de biens immobiliers Villas : D\u00e9couvrez notre s\u00e9lection exclusive de villas de luxe, avec des vues imprenables et des \u00e9quipements haut de gamme. Appartements : Que vous cherchiez un pied-\u00e0-terre en ville ou un appartement spacieux pour toute la famille, nous avons ce qu&rsquo;il vous faut. Chalets [&hellip;]<\/p>\n","protected":false},"author":1,"featured_media":0,"parent":0,"menu_order":40,"comment_status":"closed","ping_status":"closed","template":"","meta":{"_et_pb_use_builder":"on","_et_pb_old_content":"<!-- wp:divi\/placeholder \/-->","_et_gb_content_width":"","footnotes":""},"class_list":["post-42","page","type-page","status-publish","hentry"],"yoast_head":"<!-- This site is optimized with the Yoast SEO plugin v27.6 - https:\/\/yoast.com\/product\/yoast-seo-wordpress\/ -->\n<title>Ventes - Immo SwissAlps<\/title>\n<meta name=\"description\" content=\"Location de r\u00e9sidence \u00e0 la montagne pour vos vacances d\u2019\u00e9t\u00e9 ou d\u2019hiver. Appartements situ\u00e9s au coeur des Alpes Suisses. Spa et un service hotelier est \u00e0 votre disposition en collaboration avec The Bistro by Swisspeak Resort\" \/>\n<meta name=\"robots\" content=\"index, follow, max-snippet:-1, max-image-preview:large, max-video-preview:-1\" \/>\n<link rel=\"canonical\" href=\"https:\/\/immoswissalps.ch\/en\/ventes\/\" \/>\n<meta property=\"og:locale\" content=\"en_GB\" \/>\n<meta property=\"og:type\" content=\"article\" \/>\n<meta property=\"og:title\" content=\"Ventes - Immo SwissAlps\" \/>\n<meta property=\"og:description\" content=\"Location de r\u00e9sidence \u00e0 la montagne pour vos vacances d\u2019\u00e9t\u00e9 ou d\u2019hiver. Appartements situ\u00e9s au coeur des Alpes Suisses. Spa et un service hotelier est \u00e0 votre disposition en collaboration avec The Bistro by Swisspeak Resort\" \/>\n<meta property=\"og:url\" content=\"https:\/\/immoswissalps.ch\/en\/ventes\/\" \/>\n<meta property=\"og:site_name\" content=\"Immo SwissAlps\" \/>\n<meta property=\"article:modified_time\" content=\"2024-11-02T14:04:05+00:00\" \/>\n<meta name=\"twitter:card\" content=\"summary_large_image\" \/>\n<meta name=\"twitter:label1\" content=\"Estimated reading time\" \/>\n\t<meta name=\"twitter:data1\" content=\"7 minutes\" \/>\n<script type=\"application\/ld+json\" class=\"yoast-schema-graph\">{\"@context\":\"https:\\\/\\\/schema.org\",\"@graph\":[{\"@type\":\"WebPage\",\"@id\":\"https:\\\/\\\/immoswissalps.ch\\\/ventes\\\/\",\"url\":\"https:\\\/\\\/immoswissalps.ch\\\/ventes\\\/\",\"name\":\"Ventes - Immo SwissAlps\",\"isPartOf\":{\"@id\":\"https:\\\/\\\/immoswissalps.ch\\\/#website\"},\"datePublished\":\"2021-06-05T09:37:05+00:00\",\"dateModified\":\"2024-11-02T14:04:05+00:00\",\"description\":\"Location de r\u00e9sidence \u00e0 la montagne pour vos vacances d\u2019\u00e9t\u00e9 ou d\u2019hiver. Appartements situ\u00e9s au coeur des Alpes Suisses. Spa et un service hotelier est \u00e0 votre disposition en collaboration avec The Bistro by Swisspeak Resort\",\"breadcrumb\":{\"@id\":\"https:\\\/\\\/immoswissalps.ch\\\/ventes\\\/#breadcrumb\"},\"inLanguage\":\"en-GB\",\"potentialAction\":[{\"@type\":\"ReadAction\",\"target\":[\"https:\\\/\\\/immoswissalps.ch\\\/ventes\\\/\"]}]},{\"@type\":\"BreadcrumbList\",\"@id\":\"https:\\\/\\\/immoswissalps.ch\\\/ventes\\\/#breadcrumb\",\"itemListElement\":[{\"@type\":\"ListItem\",\"position\":1,\"name\":\"Accueil\",\"item\":\"https:\\\/\\\/immoswissalps.ch\\\/\"},{\"@type\":\"ListItem\",\"position\":2,\"name\":\"Ventes\"}]},{\"@type\":\"WebSite\",\"@id\":\"https:\\\/\\\/immoswissalps.ch\\\/#website\",\"url\":\"https:\\\/\\\/immoswissalps.ch\\\/\",\"name\":\"Immo SwissAlps\",\"description\":\"VOS VACANCES \u00c0 LA MONTAGNE EN TOUTE S\u00c9R\u00c9NIT\u00c9\",\"publisher\":{\"@id\":\"https:\\\/\\\/immoswissalps.ch\\\/#organization\"},\"potentialAction\":[{\"@type\":\"SearchAction\",\"target\":{\"@type\":\"EntryPoint\",\"urlTemplate\":\"https:\\\/\\\/immoswissalps.ch\\\/?s={search_term_string}\"},\"query-input\":{\"@type\":\"PropertyValueSpecification\",\"valueRequired\":true,\"valueName\":\"search_term_string\"}}],\"inLanguage\":\"en-GB\"},{\"@type\":\"Organization\",\"@id\":\"https:\\\/\\\/immoswissalps.ch\\\/#organization\",\"name\":\"Immo SwissAlps\",\"url\":\"https:\\\/\\\/immoswissalps.ch\\\/\",\"logo\":{\"@type\":\"ImageObject\",\"inLanguage\":\"en-GB\",\"@id\":\"https:\\\/\\\/immoswissalps.ch\\\/#\\\/schema\\\/logo\\\/image\\\/\",\"url\":\"https:\\\/\\\/immoswissalps.ch\\\/wp-content\\\/uploads\\\/2021\\\/06\\\/logoReg.png\",\"contentUrl\":\"https:\\\/\\\/immoswissalps.ch\\\/wp-content\\\/uploads\\\/2021\\\/06\\\/logoReg.png\",\"width\":368,\"height\":122,\"caption\":\"Immo SwissAlps\"},\"image\":{\"@id\":\"https:\\\/\\\/immoswissalps.ch\\\/#\\\/schema\\\/logo\\\/image\\\/\"}}]}<\/script>\n<!-- \/ Yoast SEO plugin. -->","yoast_head_json":{"title":"Sales - Immo SwissAlps","description":"Rental of a residence in the mountains for your summer or winter holidays. Apartments located in the heart of the Swiss Alps. Spa and hotel service are at your disposal in collaboration with The Bistro by Swisspeak Resort","robots":{"index":"index","follow":"follow","max-snippet":"max-snippet:-1","max-image-preview":"max-image-preview:large","max-video-preview":"max-video-preview:-1"},"canonical":"https:\/\/immoswissalps.ch\/en\/ventes\/","og_locale":"en_GB","og_type":"article","og_title":"Ventes - Immo SwissAlps","og_description":"Location de r\u00e9sidence \u00e0 la montagne pour vos vacances d\u2019\u00e9t\u00e9 ou d\u2019hiver. Appartements situ\u00e9s au coeur des Alpes Suisses. Spa et un service hotelier est \u00e0 votre disposition en collaboration avec The Bistro by Swisspeak Resort","og_url":"https:\/\/immoswissalps.ch\/en\/ventes\/","og_site_name":"Immo SwissAlps","article_modified_time":"2024-11-02T14:04:05+00:00","twitter_card":"summary_large_image","twitter_misc":{"Estimated reading time":"7 minutes"},"schema":{"@context":"https:\/\/schema.org","@graph":[{"@type":"WebPage","@id":"https:\/\/immoswissalps.ch\/ventes\/","url":"https:\/\/immoswissalps.ch\/ventes\/","name":"Sales - Immo SwissAlps","isPartOf":{"@id":"https:\/\/immoswissalps.ch\/#website"},"datePublished":"2021-06-05T09:37:05+00:00","dateModified":"2024-11-02T14:04:05+00:00","description":"Rental of a residence in the mountains for your summer or winter holidays. Apartments located in the heart of the Swiss Alps. Spa and hotel service are at your disposal in collaboration with The Bistro by Swisspeak Resort","breadcrumb":{"@id":"https:\/\/immoswissalps.ch\/ventes\/#breadcrumb"},"inLanguage":"en-GB","potentialAction":[{"@type":"ReadAction","target":["https:\/\/immoswissalps.ch\/ventes\/"]}]},{"@type":"BreadcrumbList","@id":"https:\/\/immoswissalps.ch\/ventes\/#breadcrumb","itemListElement":[{"@type":"ListItem","position":1,"name":"Accueil","item":"https:\/\/immoswissalps.ch\/"},{"@type":"ListItem","position":2,"name":"Ventes"}]},{"@type":"WebSite","@id":"https:\/\/immoswissalps.ch\/#website","url":"https:\/\/immoswissalps.ch\/","name":"Immo SwissAlps","description":"YOUR HOLIDAYS IN THE MOUNTAINS IN ALL SERENITY","publisher":{"@id":"https:\/\/immoswissalps.ch\/#organization"},"potentialAction":[{"@type":"SearchAction","target":{"@type":"EntryPoint","urlTemplate":"https:\/\/immoswissalps.ch\/?s={search_term_string}"},"query-input":{"@type":"PropertyValueSpecification","valueRequired":true,"valueName":"search_term_string"}}],"inLanguage":"en-GB"},{"@type":"Organization","@id":"https:\/\/immoswissalps.ch\/#organization","name":"Immo SwissAlps","url":"https:\/\/immoswissalps.ch\/","logo":{"@type":"ImageObject","inLanguage":"en-GB","@id":"https:\/\/immoswissalps.ch\/#\/schema\/logo\/image\/","url":"https:\/\/immoswissalps.ch\/wp-content\/uploads\/2021\/06\/logoReg.png","contentUrl":"https:\/\/immoswissalps.ch\/wp-content\/uploads\/2021\/06\/logoReg.png","width":368,"height":122,"caption":"Immo SwissAlps"},"image":{"@id":"https:\/\/immoswissalps.ch\/#\/schema\/logo\/image\/"}}]}},"_links":{"self":[{"href":"https:\/\/immoswissalps.ch\/en\/wp-json\/wp\/v2\/pages\/42","targetHints":{"allow":["GET"]}}],"collection":[{"href":"https:\/\/immoswissalps.ch\/en\/wp-json\/wp\/v2\/pages"}],"about":[{"href":"https:\/\/immoswissalps.ch\/en\/wp-json\/wp\/v2\/types\/page"}],"author":[{"embeddable":true,"href":"https:\/\/immoswissalps.ch\/en\/wp-json\/wp\/v2\/users\/1"}],"replies":[{"embeddable":true,"href":"https:\/\/immoswissalps.ch\/en\/wp-json\/wp\/v2\/comments?post=42"}],"version-history":[{"count":9,"href":"https:\/\/immoswissalps.ch\/en\/wp-json\/wp\/v2\/pages\/42\/revisions"}],"predecessor-version":[{"id":372,"href":"https:\/\/immoswissalps.ch\/en\/wp-json\/wp\/v2\/pages\/42\/revisions\/372"}],"wp:attachment":[{"href":"https:\/\/immoswissalps.ch\/en\/wp-json\/wp\/v2\/media?parent=42"}],"curies":[{"name":"wp","href":"https:\/\/api.w.org\/{rel}","templated":true}]}}